{"id":1893,"date":"2025-10-10T06:00:33","date_gmt":"2025-10-10T04:00:33","guid":{"rendered":"https:\/\/tecnocauchosac.com\/?page_id=1893"},"modified":"2025-10-10T06:02:16","modified_gmt":"2025-10-10T04:02:16","slug":"alcance-del-sistema-de-gestion-ambiental","status":"publish","type":"page","link":"https:\/\/tecnocauchosac.com\/?page_id=1893","title":{"rendered":"ALCANCE DEL SISTEMA DE GESTI\u00d3N AMBIENTAL"},"content":{"rendered":"\t\t<div data-elementor-type=\"wp-page\" data-elementor-id=\"1893\" class=\"elementor elementor-1893\" data-elementor-post-type=\"page\">\n\t\t\t\t<div class=\"elementor-element elementor-element-a868dd6 e-flex e-con-boxed e-con e-parent\" data-id=\"a868dd6\" data-element_type=\"container\">\n\t\t\t\t\t<div class=\"e-con-inner\">\n\t\t\t\t<div class=\"elementor-element elementor-element-1c3062e elementor-widget elementor-widget-text-editor\" data-id=\"1c3062e\" data-element_type=\"widget\" data-widget_type=\"text-editor.default\">\n\t\t\t\t<div class=\"elementor-widget-container\">\n\t\t\t\t\t\t\t\t\t<p>\u00a0<\/p><p>El Sistema de Gesti\u00f3n Ambiental de Tecno Caucho S.A.C. es conforme a los requisitos de la Norma ISO 14001:2015 y comprende los siguientes servicios:<\/p><ul><li>Fabricaci\u00f3n y comercializaci\u00f3n de l\u00e1minas de caucho de caucho natural y sint\u00e9tico.<\/li><li>Servicio de aplicaci\u00f3n de revestimientos de caucho natural y sint\u00e9tico en fr\u00edo y en caliente.<\/li><li>Servicio de aplicaci\u00f3n de poliuretanos.<\/li><\/ul><p>Estas actividades se desarrollan en la planta ubicada en:<\/p><table><tbody><tr><td width=\"226\"><p><strong>Sede<\/strong><\/p><\/td><td width=\"404\"><p><strong>Direcci\u00f3n<\/strong><\/p><\/td><\/tr><tr><td width=\"226\"><p>Planta Tecno Caucho S.A.C.<\/p><\/td><td width=\"404\"><p>Av. V\u00eda de Evitamiento Km 4.5 \u2013 Cerro Colorado Arequipa<\/p><\/td><\/tr><\/tbody><\/table><p>\u00a0<\/p><p>El alcance tiene por finalidad garantizar una gesti\u00f3n ambiental eficaz de la organizaci\u00f3n, considerando:<\/p><ul><li>El contexto interno y externo en el que opera de la organizaci\u00f3n.<\/li><li>Las partes interesadas y sus necesidades y expectativas<\/li><li>La identificaci\u00f3n y gesti\u00f3n de riesgos y oportunidades relacionadas con sus aspectos ambientales y a los requisitos legales y otros requisitos.<\/li><li>La planificaci\u00f3n e implementaci\u00f3n de acciones para prevenir, controlar y mitigar los posibles impactos ambientales adversos.<\/li><li>Los procesos necesarios para prepararse y responder a situaciones potenciales de emergencia.<\/li><li>Todo ello encaminado a asegurar que el Sistema de Gesti\u00f3n Ambiental puede alcanzar los resultados previstos y a lograr la mejora continua.<\/li><\/ul>\t\t\t\t\t\t\t\t<\/div>\n\t\t\t\t<\/div>\n\t\t\t\t\t<\/div>\n\t\t\t\t<\/div>\n\t\t<div class=\"elementor-element elementor-element-f7f54e5 e-flex e-con-boxed e-con e-parent\" data-id=\"f7f54e5\" data-element_type=\"container\">\n\t\t\t\t\t<div class=\"e-con-inner\">\n\t\t<div class=\"elementor-element elementor-element-bb9a9cf e-con-full e-flex e-con e-child\" data-id=\"bb9a9cf\" data-element_type=\"container\">\n\t\t\t\t<\/div>\n\t\t<div class=\"elementor-element elementor-element-77567c7 e-con-full e-flex e-con e-child\" data-id=\"77567c7\" data-element_type=\"container\">\n\t\t\t\t<div class=\"elementor-element elementor-element-b606458 elementor-widget elementor-widget-image\" data-id=\"b606458\" data-element_type=\"widget\" data-widget_type=\"image.default\">\n\t\t\t\t<div class=\"elementor-widget-container\">\n\t\t\t\t\t\t\t\t\t\t\t\t\t\t\t<img fetchpriority=\"high\" decoding=\"async\" width=\"557\" height=\"430\" src=\"https:\/\/tecnocauchosac.com\/wp-content\/uploads\/2024\/04\/Sin-titulo-2.png\" class=\"attachment-large size-large wp-image-1409\" alt=\"\" srcset=\"https:\/\/tecnocauchosac.com\/wp-content\/uploads\/2024\/04\/Sin-titulo-2.png 557w, https:\/\/tecnocauchosac.com\/wp-content\/uploads\/2024\/04\/Sin-titulo-2-300x232.png 300w\" sizes=\"(max-width: 557px) 100vw, 557px\" \/>\t\t\t\t\t\t\t\t\t\t\t\t\t\t\t<\/div>\n\t\t\t\t<\/div>\n\t\t\t\t<\/div>\n\t\t\t\t\t<\/div>\n\t\t\t\t<\/div>\n\t\t\t\t<\/div>\n\t\t","protected":false},"excerpt":{"rendered":"<p>\u00a0 El Sistema de Gesti\u00f3n Ambiental de Tecno Caucho S.A.C. es conforme a los requisitos de la Norma ISO 14001:2015 y comprende los siguientes servicios: Fabricaci\u00f3n y comercializaci\u00f3n de l\u00e1minas de caucho de caucho natural y sint\u00e9tico. Servicio de aplicaci\u00f3n de revestimientos de caucho natural y sint\u00e9tico en fr\u00edo y en caliente. Servicio de aplicaci\u00f3n [&hellip;]<\/p>\n","protected":false},"author":1,"featured_media":0,"parent":0,"menu_order":0,"comment_status":"closed","ping_status":"closed","template":"","meta":{"footnotes":""},"class_list":["post-1893","page","type-page","status-publish","hentry"],"_links":{"self":[{"href":"https:\/\/tecnocauchosac.com\/index.php?rest_route=\/wp\/v2\/pages\/1893","targetHints":{"allow":["GET"]}}],"collection":[{"href":"https:\/\/tecnocauchosac.com\/index.php?rest_route=\/wp\/v2\/pages"}],"about":[{"href":"https:\/\/tecnocauchosac.com\/index.php?rest_route=\/wp\/v2\/types\/page"}],"author":[{"embeddable":true,"href":"https:\/\/tecnocauchosac.com\/index.php?rest_route=\/wp\/v2\/users\/1"}],"replies":[{"embeddable":true,"href":"https:\/\/tecnocauchosac.com\/index.php?rest_route=%2Fwp%2Fv2%2Fcomments&post=1893"}],"version-history":[{"count":7,"href":"https:\/\/tecnocauchosac.com\/index.php?rest_route=\/wp\/v2\/pages\/1893\/revisions"}],"predecessor-version":[{"id":1900,"href":"https:\/\/tecnocauchosac.com\/index.php?rest_route=\/wp\/v2\/pages\/1893\/revisions\/1900"}],"wp:attachment":[{"href":"https:\/\/tecnocauchosac.com\/index.php?rest_route=%2Fwp%2Fv2%2Fmedia&parent=1893"}],"curies":[{"name":"wp","href":"https:\/\/api.w.org\/{rel}","templated":true}]}}