{"id":1874,"date":"2025-10-10T05:28:41","date_gmt":"2025-10-10T03:28:41","guid":{"rendered":"https:\/\/tecnocauchosac.com\/?page_id=1874"},"modified":"2025-10-10T05:34:01","modified_gmt":"2025-10-10T03:34:01","slug":"politica-del-sistema-de-gestion-ambiental","status":"publish","type":"page","link":"https:\/\/tecnocauchosac.com\/?page_id=1874","title":{"rendered":"POL\u00cdTICA DEL SISTEMA DE GESTI\u00d3N AMBIENTAL"},"content":{"rendered":"\t\t<div data-elementor-type=\"wp-page\" data-elementor-id=\"1874\" class=\"elementor elementor-1874\" data-elementor-post-type=\"page\">\n\t\t\t\t<div class=\"elementor-element elementor-element-4d4b3e0 e-flex e-con-boxed e-con e-parent\" data-id=\"4d4b3e0\" data-element_type=\"container\">\n\t\t\t\t\t<div class=\"e-con-inner\">\n\t\t\t\t<div class=\"elementor-element elementor-element-06b3baa elementor-widget elementor-widget-text-editor\" data-id=\"06b3baa\" data-element_type=\"widget\" data-widget_type=\"text-editor.default\">\n\t\t\t\t<div class=\"elementor-widget-container\">\n\t\t\t\t\t\t\t\t\t<p>Tecno Caucho S. A. C. es una empresa especializada en la producci\u00f3n y aplicaci\u00f3n de revestimiento de caucho y poliuretano para la industria metalmec\u00e1nica y minera.<\/p><p>Buscamos ser reconocidos como una empresa moderna en cuanto al desarrollo de ingenier\u00eda y tecnolog\u00eda del caucho y poliuretano, reafirmando nuestro compromiso con el cuidado del medio ambiente mediante los siguientes lineamientos:<\/p><ul><li>Asegurar la protecci\u00f3n del medio ambiente, trabajando de forma respetuosa, previniendo la contaminaci\u00f3n y minimizando los efectos ambientales producidos como consecuencia de las actividades que desarrollamos.<\/li><li>Cumplir con los requisitos legales y normativos pertinentes a nuestras operaciones; as\u00ed como de otros requisitos relacionados con nuestros aspectos ambientales y compromisos voluntarios asumidos por la organizaci\u00f3n.<\/li><li>Sensibilizar, capacitar e involucrar a nuestros trabajadores en la protecci\u00f3n ambiental, fomentando una cultura de responsabilidad ambiental en todas nuestras actividades.<\/li><li>Gestionar adecuadamente los residuos generados en nuestros procesos mediante su minimizaci\u00f3n, segregaci\u00f3n y valorizaci\u00f3n, asegurando su disposici\u00f3n final responsable.<\/li><li>Impulsar la mejora continua de nuestro Sistema de Gesti\u00f3n Ambiental, implementando acciones innovadoras y sostenibles que fortalezcan su eficacia y aseguren un desempe\u00f1o ambiental responsable.<\/li><\/ul>\t\t\t\t\t\t\t\t<\/div>\n\t\t\t\t<\/div>\n\t\t\t\t\t<\/div>\n\t\t\t\t<\/div>\n\t\t<div class=\"elementor-element elementor-element-32cdc89 e-flex e-con-boxed e-con e-parent\" data-id=\"32cdc89\" data-element_type=\"container\">\n\t\t\t\t\t<div class=\"e-con-inner\">\n\t\t<div class=\"elementor-element elementor-element-0c6d64e e-con-full e-flex e-con e-child\" data-id=\"0c6d64e\" data-element_type=\"container\">\n\t\t\t\t<\/div>\n\t\t<div class=\"elementor-element elementor-element-319f801 e-con-full e-flex e-con e-child\" data-id=\"319f801\" data-element_type=\"container\">\n\t\t\t\t<div class=\"elementor-element elementor-element-fb92dff elementor-widget elementor-widget-text-editor\" data-id=\"fb92dff\" data-element_type=\"widget\" data-widget_type=\"text-editor.default\">\n\t\t\t\t<div class=\"elementor-widget-container\">\n\t\t\t\t\t\t\t\t\t<p>SGA-DC-01<\/p><p>Versi\u00f3n: 01<\/p><p>04\/07\/2025<\/p>\t\t\t\t\t\t\t\t<\/div>\n\t\t\t\t<\/div>\n\t\t\t\t<\/div>\n\t\t\t\t\t<\/div>\n\t\t\t\t<\/div>\n\t\t<div class=\"elementor-element elementor-element-a1dd83f e-flex e-con-boxed e-con e-parent\" data-id=\"a1dd83f\" data-element_type=\"container\">\n\t\t\t\t\t<div class=\"e-con-inner\">\n\t\t\t\t<div class=\"elementor-element elementor-element-cf8c36f elementor-widget elementor-widget-image\" data-id=\"cf8c36f\" data-element_type=\"widget\" data-widget_type=\"image.default\">\n\t\t\t\t<div class=\"elementor-widget-container\">\n\t\t\t\t\t\t\t\t\t\t\t\t\t\t\t<img fetchpriority=\"high\" decoding=\"async\" width=\"557\" height=\"430\" src=\"https:\/\/tecnocauchosac.com\/wp-content\/uploads\/2024\/04\/Sin-titulo-2.png\" class=\"attachment-large size-large wp-image-1409\" alt=\"\" srcset=\"https:\/\/tecnocauchosac.com\/wp-content\/uploads\/2024\/04\/Sin-titulo-2.png 557w, https:\/\/tecnocauchosac.com\/wp-content\/uploads\/2024\/04\/Sin-titulo-2-300x232.png 300w\" sizes=\"(max-width: 557px) 100vw, 557px\" \/>\t\t\t\t\t\t\t\t\t\t\t\t\t\t\t<\/div>\n\t\t\t\t<\/div>\n\t\t\t\t\t<\/div>\n\t\t\t\t<\/div>\n\t\t\t\t<\/div>\n\t\t","protected":false},"excerpt":{"rendered":"<p>Tecno Caucho S. A. C. es una empresa especializada en la producci\u00f3n y aplicaci\u00f3n de revestimiento de caucho y poliuretano para la industria metalmec\u00e1nica y minera. Buscamos ser reconocidos como una empresa moderna en cuanto al desarrollo de ingenier\u00eda y tecnolog\u00eda del caucho y poliuretano, reafirmando nuestro compromiso con el cuidado del medio ambiente mediante [&hellip;]<\/p>\n","protected":false},"author":1,"featured_media":0,"parent":0,"menu_order":0,"comment_status":"closed","ping_status":"closed","template":"","meta":{"footnotes":""},"class_list":["post-1874","page","type-page","status-publish","hentry"],"_links":{"self":[{"href":"https:\/\/tecnocauchosac.com\/index.php?rest_route=\/wp\/v2\/pages\/1874","targetHints":{"allow":["GET"]}}],"collection":[{"href":"https:\/\/tecnocauchosac.com\/index.php?rest_route=\/wp\/v2\/pages"}],"about":[{"href":"https:\/\/tecnocauchosac.com\/index.php?rest_route=\/wp\/v2\/types\/page"}],"author":[{"embeddable":true,"href":"https:\/\/tecnocauchosac.com\/index.php?rest_route=\/wp\/v2\/users\/1"}],"replies":[{"embeddable":true,"href":"https:\/\/tecnocauchosac.com\/index.php?rest_route=%2Fwp%2Fv2%2Fcomments&post=1874"}],"version-history":[{"count":10,"href":"https:\/\/tecnocauchosac.com\/index.php?rest_route=\/wp\/v2\/pages\/1874\/revisions"}],"predecessor-version":[{"id":1885,"href":"https:\/\/tecnocauchosac.com\/index.php?rest_route=\/wp\/v2\/pages\/1874\/revisions\/1885"}],"wp:attachment":[{"href":"https:\/\/tecnocauchosac.com\/index.php?rest_route=%2Fwp%2Fv2%2Fmedia&parent=1874"}],"curies":[{"name":"wp","href":"https:\/\/api.w.org\/{rel}","templated":true}]}}