{"id":1391,"date":"2024-04-24T18:18:03","date_gmt":"2024-04-24T16:18:03","guid":{"rendered":"https:\/\/tecnocauchosac.com\/?page_id=1391"},"modified":"2025-12-15T19:09:42","modified_gmt":"2025-12-15T18:09:42","slug":"politica-de-la-calidad","status":"publish","type":"page","link":"https:\/\/tecnocauchosac.com\/?page_id=1391","title":{"rendered":"POLITICA DE LA CALIDAD"},"content":{"rendered":"\t\t<div data-elementor-type=\"wp-page\" data-elementor-id=\"1391\" class=\"elementor elementor-1391\" data-elementor-post-type=\"page\">\n\t\t\t\t<div class=\"elementor-element elementor-element-80e1131 e-flex e-con-boxed e-con e-parent\" data-id=\"80e1131\" data-element_type=\"container\" data-settings=\"{&quot;background_background&quot;:&quot;classic&quot;}\">\n\t\t\t\t\t<div class=\"e-con-inner\">\n\t\t<div class=\"elementor-element elementor-element-56a7ade e-con-full e-flex e-con e-child\" data-id=\"56a7ade\" data-element_type=\"container\">\n\t\t\t\t<div class=\"elementor-element elementor-element-14ed787 elementor-widget elementor-widget-heading\" data-id=\"14ed787\" data-element_type=\"widget\" data-widget_type=\"heading.default\">\n\t\t\t\t<div class=\"elementor-widget-container\">\n\t\t\t\t\t<h2 class=\"elementor-heading-title elementor-size-default\">POL\u00cdTICA DEL SISTEMA INTEGRADO DE GESTI\u00d3N <\/h2>\t\t\t\t<\/div>\n\t\t\t\t<\/div>\n\t\t\t\t<\/div>\n\t\t\t\t\t<\/div>\n\t\t\t\t<\/div>\n\t\t<div class=\"elementor-element elementor-element-284f028 e-flex e-con-boxed e-con e-parent\" data-id=\"284f028\" data-element_type=\"container\">\n\t\t\t\t\t<div class=\"e-con-inner\">\n\t\t<div class=\"elementor-element elementor-element-05bf9fa e-con-full e-flex e-con e-child\" data-id=\"05bf9fa\" data-element_type=\"container\">\n\t\t\t\t<div class=\"elementor-element elementor-element-cb009f1 elementor-widget elementor-widget-image\" data-id=\"cb009f1\" data-element_type=\"widget\" data-widget_type=\"image.default\">\n\t\t\t\t<div class=\"elementor-widget-container\">\n\t\t\t\t\t\t\t\t\t\t\t\t\t\t\t<img decoding=\"async\" width=\"181\" height=\"80\" src=\"https:\/\/tecnocauchosac.com\/wp-content\/uploads\/2024\/03\/nutrition-logo.png\" class=\"attachment-large size-large wp-image-17\" alt=\"\" \/>\t\t\t\t\t\t\t\t\t\t\t\t\t\t\t<\/div>\n\t\t\t\t<\/div>\n\t\t\t\t<\/div>\n\t\t<div class=\"elementor-element elementor-element-561854f e-con-full e-flex e-con e-child\" data-id=\"561854f\" data-element_type=\"container\">\n\t\t\t\t<\/div>\n\t\t\t\t\t<\/div>\n\t\t\t\t<\/div>\n\t\t<div class=\"elementor-element elementor-element-53e8a7a e-flex e-con-boxed e-con e-parent\" data-id=\"53e8a7a\" data-element_type=\"container\">\n\t\t\t\t\t<div class=\"e-con-inner\">\n\t\t\t\t<div class=\"elementor-element elementor-element-852f211 elementor-widget elementor-widget-heading\" data-id=\"852f211\" data-element_type=\"widget\" data-widget_type=\"heading.default\">\n\t\t\t\t<div class=\"elementor-widget-container\">\n\t\t\t\t\t<h2 class=\"elementor-heading-title elementor-size-default\">POL\u00cdTICA DEL SISTEMA INTEGRADO DE GESTI\u00d3N<\/h2>\t\t\t\t<\/div>\n\t\t\t\t<\/div>\n\t\t\t\t<div class=\"elementor-element elementor-element-9ce5a18 elementor-widget elementor-widget-text-editor\" data-id=\"9ce5a18\" data-element_type=\"widget\" data-widget_type=\"text-editor.default\">\n\t\t\t\t<div class=\"elementor-widget-container\">\n\t\t\t\t\t\t\t\t\t<p>En Tecno Caucho S.A.C., es una empresa especializada en la producci\u00f3n y aplicaci\u00f3n de revestimiento de caucho y poliuretano para la industria metalmec\u00e1nica y minera, reafirmando nuestro compromiso con la calidad y el cuidado del medio ambiente mediante los siguientes lineamientos:<br \/>\u2022 Cumplir los requisitos aplicables, incluyendo los legales, reglamentarios, ambientales y los de nuestros clientes.<br \/>\u2022 Asegurar la satisfacci\u00f3n del cliente, brindando productos y servicios confiables y oportunos.<br \/>\u2022 Proteger el medio ambiente, previniendo la contaminaci\u00f3n, gestionando responsablemente los residuos y promoviendo el uso sostenible de los recursos.<br \/>\u2022 Gestionar los riesgos y oportunidades para garantizar procesos eficaces y resultados planificados.<br \/>\u2022 Mejorar continuamente nuestro Sistema Integrado de Gesti\u00f3n, impulsando pr\u00e1cticas seguras, sostenibles e innovadoras.<br \/>\u2022 Fomentar la competencia y compromiso del personal, garantizando recursos, capacitaci\u00f3n y sensibilizaci\u00f3n en calidad y responsabilidad ambiental.<br \/>Esta pol\u00edtica es coherente con nuestro prop\u00f3sito, contexto y direcci\u00f3n estrat\u00e9gica, y sirve como marco de referencia para establecer y revisar los objetivos de calidad y de medio ambiente.<br \/>Se comunica, entiende y aplica en toda la organizaci\u00f3n, y est\u00e1 disponible para las partes interesadas pertinentes.<\/p>\t\t\t\t\t\t\t\t<\/div>\n\t\t\t\t<\/div>\n\t\t\t\t\t<\/div>\n\t\t\t\t<\/div>\n\t\t<div class=\"elementor-element elementor-element-4db28d9 e-flex e-con-boxed e-con e-parent\" data-id=\"4db28d9\" data-element_type=\"container\">\n\t\t\t\t\t<div class=\"e-con-inner\">\n\t\t<div class=\"elementor-element elementor-element-fa19255 e-con-full e-flex e-con e-child\" data-id=\"fa19255\" data-element_type=\"container\">\n\t\t\t\t<\/div>\n\t\t<div class=\"elementor-element elementor-element-3b79231 e-con-full e-flex e-con e-child\" data-id=\"3b79231\" data-element_type=\"container\">\n\t\t\t\t<div class=\"elementor-element elementor-element-b8290cc elementor-widget elementor-widget-text-editor\" data-id=\"b8290cc\" data-element_type=\"widget\" data-widget_type=\"text-editor.default\">\n\t\t\t\t<div class=\"elementor-widget-container\">\n\t\t\t\t\t\t\t\t\t<p>SIG-DC-01<br \/>Versi\u00f3n: 02<br \/>10\/10\/2025<\/p>\t\t\t\t\t\t\t\t<\/div>\n\t\t\t\t<\/div>\n\t\t\t\t<\/div>\n\t\t\t\t\t<\/div>\n\t\t\t\t<\/div>\n\t\t<div class=\"elementor-element elementor-element-6c85b55 e-flex e-con-boxed e-con e-parent\" data-id=\"6c85b55\" data-element_type=\"container\">\n\t\t\t\t\t<div class=\"e-con-inner\">\n\t\t\t\t<div class=\"elementor-element elementor-element-a104d3e elementor-widget elementor-widget-image\" data-id=\"a104d3e\" data-element_type=\"widget\" data-widget_type=\"image.default\">\n\t\t\t\t<div class=\"elementor-widget-container\">\n\t\t\t\t\t\t\t\t\t\t\t\t\t\t\t<img fetchpriority=\"high\" decoding=\"async\" width=\"557\" height=\"430\" src=\"https:\/\/tecnocauchosac.com\/wp-content\/uploads\/2024\/04\/Sin-titulo-2.png\" class=\"attachment-large size-large wp-image-1409\" alt=\"\" srcset=\"https:\/\/tecnocauchosac.com\/wp-content\/uploads\/2024\/04\/Sin-titulo-2.png 557w, https:\/\/tecnocauchosac.com\/wp-content\/uploads\/2024\/04\/Sin-titulo-2-300x232.png 300w\" sizes=\"(max-width: 557px) 100vw, 557px\" \/>\t\t\t\t\t\t\t\t\t\t\t\t\t\t\t<\/div>\n\t\t\t\t<\/div>\n\t\t\t\t\t<\/div>\n\t\t\t\t<\/div>\n\t\t<div class=\"elementor-element elementor-element-db78016 e-flex e-con-boxed e-con e-parent\" data-id=\"db78016\" data-element_type=\"container\">\n\t\t\t\t\t<div class=\"e-con-inner\">\n\t\t<div class=\"elementor-element elementor-element-8225561 e-con-full e-flex e-con e-child\" data-id=\"8225561\" data-element_type=\"container\">\n\t\t\t\t<div class=\"elementor-element elementor-element-e5982e8 elementor-widget elementor-widget-image\" data-id=\"e5982e8\" data-element_type=\"widget\" data-widget_type=\"image.default\">\n\t\t\t\t<div class=\"elementor-widget-container\">\n\t\t\t\t\t\t\t\t\t\t\t\t\t\t\t<img decoding=\"async\" width=\"202\" height=\"288\" src=\"https:\/\/tecnocauchosac.com\/wp-content\/uploads\/2025\/12\/BANDo-1.jpg\" class=\"attachment-large size-large wp-image-1951\" alt=\"\" \/>\t\t\t\t\t\t\t\t\t\t\t\t\t\t\t<\/div>\n\t\t\t\t<\/div>\n\t\t\t\t<\/div>\n\t\t<div class=\"elementor-element elementor-element-59b4444 e-con-full e-flex e-con e-child\" data-id=\"59b4444\" data-element_type=\"container\">\n\t\t\t\t<div class=\"elementor-element elementor-element-55c7cc7 elementor-widget elementor-widget-image\" data-id=\"55c7cc7\" data-element_type=\"widget\" data-widget_type=\"image.default\">\n\t\t\t\t<div class=\"elementor-widget-container\">\n\t\t\t\t\t\t\t\t\t\t\t\t\t\t\t<img loading=\"lazy\" decoding=\"async\" width=\"230\" height=\"288\" src=\"https:\/\/tecnocauchosac.com\/wp-content\/uploads\/2025\/12\/BANDo-2.jpg\" class=\"attachment-large size-large wp-image-1954\" alt=\"\" \/>\t\t\t\t\t\t\t\t\t\t\t\t\t\t\t<\/div>\n\t\t\t\t<\/div>\n\t\t\t\t<\/div>\n\t\t<div class=\"elementor-element elementor-element-48a2755 e-con-full e-flex e-con e-child\" data-id=\"48a2755\" data-element_type=\"container\">\n\t\t\t\t<\/div>\n\t\t\t\t\t<\/div>\n\t\t\t\t<\/div>\n\t\t\t\t<\/div>\n\t\t","protected":false},"excerpt":{"rendered":"<p>POL\u00cdTICA DEL SISTEMA INTEGRADO DE GESTI\u00d3N POL\u00cdTICA DEL SISTEMA INTEGRADO DE GESTI\u00d3N En Tecno Caucho S.A.C., es una empresa especializada en la producci\u00f3n y aplicaci\u00f3n de revestimiento de caucho y poliuretano para la industria metalmec\u00e1nica y minera, reafirmando nuestro compromiso con la calidad y el cuidado del medio ambiente mediante los siguientes lineamientos:\u2022 Cumplir los [&hellip;]<\/p>\n","protected":false},"author":1,"featured_media":0,"parent":0,"menu_order":0,"comment_status":"closed","ping_status":"closed","template":"","meta":{"footnotes":""},"class_list":["post-1391","page","type-page","status-publish","hentry"],"_links":{"self":[{"href":"https:\/\/tecnocauchosac.com\/index.php?rest_route=\/wp\/v2\/pages\/1391","targetHints":{"allow":["GET"]}}],"collection":[{"href":"https:\/\/tecnocauchosac.com\/index.php?rest_route=\/wp\/v2\/pages"}],"about":[{"href":"https:\/\/tecnocauchosac.com\/index.php?rest_route=\/wp\/v2\/types\/page"}],"author":[{"embeddable":true,"href":"https:\/\/tecnocauchosac.com\/index.php?rest_route=\/wp\/v2\/users\/1"}],"replies":[{"embeddable":true,"href":"https:\/\/tecnocauchosac.com\/index.php?rest_route=%2Fwp%2Fv2%2Fcomments&post=1391"}],"version-history":[{"count":31,"href":"https:\/\/tecnocauchosac.com\/index.php?rest_route=\/wp\/v2\/pages\/1391\/revisions"}],"predecessor-version":[{"id":1957,"href":"https:\/\/tecnocauchosac.com\/index.php?rest_route=\/wp\/v2\/pages\/1391\/revisions\/1957"}],"wp:attachment":[{"href":"https:\/\/tecnocauchosac.com\/index.php?rest_route=%2Fwp%2Fv2%2Fmedia&parent=1391"}],"curies":[{"name":"wp","href":"https:\/\/api.w.org\/{rel}","templated":true}]}}