{"id":124,"date":"2024-03-31T23:43:53","date_gmt":"2024-03-31T21:43:53","guid":{"rendered":"https:\/\/tecnocauchosac.com\/?page_id=124"},"modified":"2025-05-26T03:54:50","modified_gmt":"2025-05-26T01:54:50","slug":"sector-construccion","status":"publish","type":"page","link":"https:\/\/tecnocauchosac.com\/?page_id=124","title":{"rendered":"SECTOR CONSTRUCCI\u00d3N"},"content":{"rendered":"\t\t<div data-elementor-type=\"wp-page\" data-elementor-id=\"124\" class=\"elementor elementor-124\" data-elementor-post-type=\"page\">\n\t\t\t\t<div class=\"elementor-element elementor-element-dc3386b e-flex e-con-boxed e-con e-parent\" data-id=\"dc3386b\" data-element_type=\"container\" data-settings=\"{&quot;background_background&quot;:&quot;classic&quot;}\">\n\t\t\t\t\t<div class=\"e-con-inner\">\n\t\t\t\t\t<\/div>\n\t\t\t\t<\/div>\n\t\t<div class=\"elementor-element elementor-element-fc13790 e-flex e-con-boxed e-con e-parent\" data-id=\"fc13790\" data-element_type=\"container\">\n\t\t\t\t\t<div class=\"e-con-inner\">\n\t\t<div class=\"elementor-element elementor-element-64ceec8 e-con-full e-flex e-con e-child\" data-id=\"64ceec8\" data-element_type=\"container\">\n\t\t\t\t<div class=\"elementor-element elementor-element-936224a elementor-widget elementor-widget-image\" data-id=\"936224a\" data-element_type=\"widget\" data-widget_type=\"image.default\">\n\t\t\t\t<div class=\"elementor-widget-container\">\n\t\t\t\t\t\t\t\t\t\t\t\t\t\t\t<img fetchpriority=\"high\" decoding=\"async\" width=\"600\" height=\"348\" src=\"https:\/\/tecnocauchosac.com\/wp-content\/uploads\/2024\/04\/BANNER-01.jpg\" class=\"attachment-large size-large wp-image-320\" alt=\"\" srcset=\"https:\/\/tecnocauchosac.com\/wp-content\/uploads\/2024\/04\/BANNER-01.jpg 600w, https:\/\/tecnocauchosac.com\/wp-content\/uploads\/2024\/04\/BANNER-01-300x174.jpg 300w\" sizes=\"(max-width: 600px) 100vw, 600px\" \/>\t\t\t\t\t\t\t\t\t\t\t\t\t\t\t<\/div>\n\t\t\t\t<\/div>\n\t\t\t\t<\/div>\n\t\t<div class=\"elementor-element elementor-element-84091e3 e-con-full e-flex e-con e-child\" data-id=\"84091e3\" data-element_type=\"container\">\n\t\t\t\t<div class=\"elementor-element elementor-element-97fb13d elementor-widget elementor-widget-heading\" data-id=\"97fb13d\" data-element_type=\"widget\" data-widget_type=\"heading.default\">\n\t\t\t\t<div class=\"elementor-widget-container\">\n\t\t\t\t\t<h2 class=\"elementor-heading-title elementor-size-default\">SECTOR CONSTRUCCI\u00d3N<\/h2>\t\t\t\t<\/div>\n\t\t\t\t<\/div>\n\t\t\t\t<div class=\"elementor-element elementor-element-c760293 elementor-widget elementor-widget-text-editor\" data-id=\"c760293\" data-element_type=\"widget\" data-widget_type=\"text-editor.default\">\n\t\t\t\t<div class=\"elementor-widget-container\">\n\t\t\t\t\t\t\t\t\t<p>Somos los socios estrat\u00e9gicos para el sector de la construcci\u00f3n, en los \u00faltimos a\u00f1os hemos suministrado gran variedad de productos para obras de infraestructura, inmobiliarias , carreteras , puentes , edificios , t\u00faneles , etc.<\/p><p>Siendo as\u00ed los principales proveedores de grandes constructoras, nuestra calidad, r\u00e1pida respuesta y experiencia nos caracterizan.<\/p><p>A continuaci\u00f3n nuestra gama de productos:<\/p>\t\t\t\t\t\t\t\t<\/div>\n\t\t\t\t<\/div>\n\t\t\t\t<\/div>\n\t\t\t\t\t<\/div>\n\t\t\t\t<\/div>\n\t\t<div class=\"elementor-element elementor-element-15084d9 e-flex e-con-boxed e-con e-parent\" data-id=\"15084d9\" data-element_type=\"container\">\n\t\t\t\t\t<div class=\"e-con-inner\">\n\t\t\t\t<div class=\"elementor-element elementor-element-037feb1 elementor-widget elementor-widget-heading\" data-id=\"037feb1\" data-element_type=\"widget\" data-widget_type=\"heading.default\">\n\t\t\t\t<div class=\"elementor-widget-container\">\n\t\t\t\t\t<h2 class=\"elementor-heading-title elementor-size-default\">Productos<\/h2>\t\t\t\t<\/div>\n\t\t\t\t<\/div>\n\t\t\t\t\t<\/div>\n\t\t\t\t<\/div>\n\t\t\t\t<\/div>\n\t\t","protected":false},"excerpt":{"rendered":"<p>SECTOR CONSTRUCCI\u00d3N Somos los socios estrat\u00e9gicos para el sector de la construcci\u00f3n, en los \u00faltimos a\u00f1os hemos suministrado gran variedad de productos para obras de infraestructura, inmobiliarias , carreteras , puentes , edificios , t\u00faneles , etc. Siendo as\u00ed los principales proveedores de grandes constructoras, nuestra calidad, r\u00e1pida respuesta y experiencia nos caracterizan. A continuaci\u00f3n [&hellip;]<\/p>\n","protected":false},"author":1,"featured_media":0,"parent":0,"menu_order":0,"comment_status":"closed","ping_status":"closed","template":"","meta":{"footnotes":""},"class_list":["post-124","page","type-page","status-publish","hentry"],"_links":{"self":[{"href":"https:\/\/tecnocauchosac.com\/index.php?rest_route=\/wp\/v2\/pages\/124","targetHints":{"allow":["GET"]}}],"collection":[{"href":"https:\/\/tecnocauchosac.com\/index.php?rest_route=\/wp\/v2\/pages"}],"about":[{"href":"https:\/\/tecnocauchosac.com\/index.php?rest_route=\/wp\/v2\/types\/page"}],"author":[{"embeddable":true,"href":"https:\/\/tecnocauchosac.com\/index.php?rest_route=\/wp\/v2\/users\/1"}],"replies":[{"embeddable":true,"href":"https:\/\/tecnocauchosac.com\/index.php?rest_route=%2Fwp%2Fv2%2Fcomments&post=124"}],"version-history":[{"count":40,"href":"https:\/\/tecnocauchosac.com\/index.php?rest_route=\/wp\/v2\/pages\/124\/revisions"}],"predecessor-version":[{"id":1823,"href":"https:\/\/tecnocauchosac.com\/index.php?rest_route=\/wp\/v2\/pages\/124\/revisions\/1823"}],"wp:attachment":[{"href":"https:\/\/tecnocauchosac.com\/index.php?rest_route=%2Fwp%2Fv2%2Fmedia&parent=124"}],"curies":[{"name":"wp","href":"https:\/\/api.w.org\/{rel}","templated":true}]}}