{"id":120,"date":"2024-03-31T23:43:30","date_gmt":"2024-03-31T21:43:30","guid":{"rendered":"https:\/\/tecnocauchosac.com\/?page_id=120"},"modified":"2025-06-12T06:35:29","modified_gmt":"2025-06-12T04:35:29","slug":"sector-automotriz","status":"publish","type":"page","link":"https:\/\/tecnocauchosac.com\/?page_id=120","title":{"rendered":"SECTOR AUTOMOTRIZ"},"content":{"rendered":"\t\t<div data-elementor-type=\"wp-page\" data-elementor-id=\"120\" class=\"elementor elementor-120\" data-elementor-post-type=\"page\">\n\t\t\t\t<div class=\"elementor-element elementor-element-8e06f07 e-flex e-con-boxed e-con e-parent\" data-id=\"8e06f07\" data-element_type=\"container\" data-settings=\"{&quot;background_background&quot;:&quot;classic&quot;}\">\n\t\t\t\t\t<div class=\"e-con-inner\">\n\t\t\t\t\t<\/div>\n\t\t\t\t<\/div>\n\t\t<div class=\"elementor-element elementor-element-101d0d0 e-flex e-con-boxed e-con e-parent\" data-id=\"101d0d0\" data-element_type=\"container\">\n\t\t\t\t\t<div class=\"e-con-inner\">\n\t\t<div class=\"elementor-element elementor-element-02b85c8 e-con-full e-flex e-con e-child\" data-id=\"02b85c8\" data-element_type=\"container\">\n\t\t\t\t<div class=\"elementor-element elementor-element-83781cf elementor-widget elementor-widget-image\" data-id=\"83781cf\" data-element_type=\"widget\" data-widget_type=\"image.default\">\n\t\t\t\t<div class=\"elementor-widget-container\">\n\t\t\t\t\t\t\t\t\t\t\t\t\t\t\t<img fetchpriority=\"high\" decoding=\"async\" width=\"600\" height=\"600\" src=\"https:\/\/tecnocauchosac.com\/wp-content\/uploads\/2024\/04\/automotriz-0.jpg\" class=\"attachment-large size-large wp-image-342\" alt=\"\" srcset=\"https:\/\/tecnocauchosac.com\/wp-content\/uploads\/2024\/04\/automotriz-0.jpg 600w, https:\/\/tecnocauchosac.com\/wp-content\/uploads\/2024\/04\/automotriz-0-300x300.jpg 300w, https:\/\/tecnocauchosac.com\/wp-content\/uploads\/2024\/04\/automotriz-0-150x150.jpg 150w\" sizes=\"(max-width: 600px) 100vw, 600px\" \/>\t\t\t\t\t\t\t\t\t\t\t\t\t\t\t<\/div>\n\t\t\t\t<\/div>\n\t\t\t\t<\/div>\n\t\t<div class=\"elementor-element elementor-element-d64f0d8 e-con-full e-flex e-con e-child\" data-id=\"d64f0d8\" data-element_type=\"container\">\n\t\t\t\t<div class=\"elementor-element elementor-element-28a40ab elementor-widget elementor-widget-heading\" data-id=\"28a40ab\" data-element_type=\"widget\" data-widget_type=\"heading.default\">\n\t\t\t\t<div class=\"elementor-widget-container\">\n\t\t\t\t\t<h2 class=\"elementor-heading-title elementor-size-default\">SECTOR AUTOMOTRIZ<\/h2>\t\t\t\t<\/div>\n\t\t\t\t<\/div>\n\t\t\t\t<div class=\"elementor-element elementor-element-7df4fab elementor-widget elementor-widget-text-editor\" data-id=\"7df4fab\" data-element_type=\"widget\" data-widget_type=\"text-editor.default\">\n\t\t\t\t<div class=\"elementor-widget-container\">\n\t\t\t\t\t\t\t\t\t<p>Hemos desarrollado una amplia gama de perfiles para puertas, ventanas, parabrisas y sellos de distintos modelos de veh\u00edculos ligeros, carga pesada, Buses y Trenes; siendo formuladas para su resistencia a los cambios clim\u00e1ticos y requerimientos de este sector.<\/p><p>A continuaci\u00f3n algunos de nuestros productos:<\/p>\t\t\t\t\t\t\t\t<\/div>\n\t\t\t\t<\/div>\n\t\t\t\t<\/div>\n\t\t\t\t\t<\/div>\n\t\t\t\t<\/div>\n\t\t<div class=\"elementor-element elementor-element-0f41d32 e-flex e-con-boxed e-con e-parent\" data-id=\"0f41d32\" data-element_type=\"container\">\n\t\t\t\t\t<div class=\"e-con-inner\">\n\t\t\t\t<div class=\"elementor-element elementor-element-bf6c87a elementor-widget elementor-widget-heading\" data-id=\"bf6c87a\" data-element_type=\"widget\" data-widget_type=\"heading.default\">\n\t\t\t\t<div class=\"elementor-widget-container\">\n\t\t\t\t\t<h2 class=\"elementor-heading-title elementor-size-default\">Productos<\/h2>\t\t\t\t<\/div>\n\t\t\t\t<\/div>\n\t\t\t\t\t<\/div>\n\t\t\t\t<\/div>\n\t\t\t\t<\/div>\n\t\t","protected":false},"excerpt":{"rendered":"<p>SECTOR AUTOMOTRIZ Hemos desarrollado una amplia gama de perfiles para puertas, ventanas, parabrisas y sellos de distintos modelos de veh\u00edculos ligeros, carga pesada, Buses y Trenes; siendo formuladas para su resistencia a los cambios clim\u00e1ticos y requerimientos de este sector. A continuaci\u00f3n algunos de nuestros productos: Productos<\/p>\n","protected":false},"author":1,"featured_media":0,"parent":0,"menu_order":0,"comment_status":"closed","ping_status":"closed","template":"","meta":{"footnotes":""},"class_list":["post-120","page","type-page","status-publish","hentry"],"_links":{"self":[{"href":"https:\/\/tecnocauchosac.com\/index.php?rest_route=\/wp\/v2\/pages\/120","targetHints":{"allow":["GET"]}}],"collection":[{"href":"https:\/\/tecnocauchosac.com\/index.php?rest_route=\/wp\/v2\/pages"}],"about":[{"href":"https:\/\/tecnocauchosac.com\/index.php?rest_route=\/wp\/v2\/types\/page"}],"author":[{"embeddable":true,"href":"https:\/\/tecnocauchosac.com\/index.php?rest_route=\/wp\/v2\/users\/1"}],"replies":[{"embeddable":true,"href":"https:\/\/tecnocauchosac.com\/index.php?rest_route=%2Fwp%2Fv2%2Fcomments&post=120"}],"version-history":[{"count":46,"href":"https:\/\/tecnocauchosac.com\/index.php?rest_route=\/wp\/v2\/pages\/120\/revisions"}],"predecessor-version":[{"id":1863,"href":"https:\/\/tecnocauchosac.com\/index.php?rest_route=\/wp\/v2\/pages\/120\/revisions\/1863"}],"wp:attachment":[{"href":"https:\/\/tecnocauchosac.com\/index.php?rest_route=%2Fwp%2Fv2%2Fmedia&parent=120"}],"curies":[{"name":"wp","href":"https:\/\/api.w.org\/{rel}","templated":true}]}}